{"id":1483,"date":"2018-05-14T14:00:06","date_gmt":"2018-05-14T12:00:06","guid":{"rendered":"https:\/\/www.bredax.com\/wordpress\/?page_id=1483"},"modified":"2018-05-15T09:42:04","modified_gmt":"2018-05-15T07:42:04","slug":"analisi-competidors-web","status":"publish","type":"page","link":"https:\/\/www.bredax.com\/wordpress\/estadistiques-web\/analisi-competidors-web\/","title":{"rendered":"An\u00e0lisi dels competidors per sortir a Google"},"content":{"rendered":"<p>[vc_row][vc_column offset=&#8221;vc_col-md-offset-2 vc_col-md-8&#8243;]<div class=\"title text-center\"><h4 class=\"upper\" >Controla l'activitat dels<\/h4><h2 class=\"\"  >Competidors a Google<\/h2><\/div>[vc_empty_space][vc_column_text]<\/p>\n<p style=\"text-align: center;\">Les estad\u00edstiques de Bredax inclouen un sistema met\u00f2dic per saber qui \u00e9s la seva compet\u00e8ncia real als cercadors com Google. D&#8217;una manera quantificada, vost\u00e8 pot saber qui competeix amb vost\u00e9 per <strong>sortir a Google<\/strong>, per a quines i quantes frases de cerca i en quines posicions a part de vost\u00e8.<\/p>\n<p style=\"text-align: center;\">D&#8217;aquesta manera, l&#8217;ajudem a trobar competidors ocults, empreses que no sabia que eren compet\u00e8ncia seva als cercadors per\u00f2 que han aconseguit Sortir a les primeres posicions de Google, o possibles col\u00b7laboradors, com revistes online o revenedors que estarien encantats d&#8217;afegir els productes de vost\u00e9 a la seva cartera i que treballen per apar\u00e8ixer a Google i sortir a la primera posici\u00f3.<\/p>\n<p style=\"text-align: center;\">Aix\u00ed tamb\u00e9 aprendr\u00e0 quins competidors de fora de la xarxa no s\u00f3n compet\u00e8ncia a Internet perqu\u00e8 no surten a Google.<\/p>\n<p style=\"text-align: center;\">Apar\u00e8ixer a Google i Sortir a la primera posici\u00f3 de Google l&#8217;ajudar\u00e0 a aconseguir visites i contactes nous.<\/p>\n<p style=\"text-align: center;\">Les nostres eines els ajudaran a saber qui m\u00e9s ha aconseguit sortir a les primeres posicions i com impacta aix\u00f2 al seu negoci.<\/p>\n<p>[\/vc_column_text][vc_empty_space][\/vc_column][\/vc_row][vc_row parallax=&#8221;content-moving&#8221; parallax_image=&#8221;338&#8243; overlay_style=&#8221;light-overlay&#8221; el_class=&#8221;simple-parallax&#8221;][vc_column][\/vc_column][\/vc_row][vc_row full_width=&#8221;stretch_row&#8221; content_placement=&#8221;middle&#8221; row_bg_style=&#8221;colored-bg&#8221; row_bg_color=&#8221;#fba500&#8243;][vc_column offset=&#8221;vc_col-md-offset-2 vc_col-md-8&#8243;][vc_row_inner equal_height=&#8221;yes&#8221; content_placement=&#8221;middle&#8221;][vc_column_inner width=&#8221;1\/4&#8243;][vc_single_image image=&#8221;1295&#8243; img_size=&#8221;full&#8221; alignment=&#8221;center&#8221; css=&#8221;.vc_custom_1526247487993{padding-top: 20px !important;padding-right: 20px !important;padding-bottom: 20px !important;padding-left: 20px !important;}&#8221;][\/vc_column_inner][vc_column_inner width=&#8221;3\/4&#8243;][vc_column_text]<\/p>\n<h3>La pres\u00e8ncia de la seva empresa a internet<\/h3>\n<p>Vost\u00e8 t\u00e9 una p\u00e0gina web a Internet. Per\u00f2 hi \u00e9s present? T\u00e9 pres\u00e8ncia als cercadors? El troben els seus clients potencials quan cerquen a Internet all\u00f2 que vost\u00e8 els pot oferir? Les eines estad\u00edstiques de Bredax, juntament amb les nostres accions de m\u00e0rqueting, els permeten comprovar la seva pres\u00e8ncia a Internet. Poden comparar-la amb la dels seus competidors i veure com evoluciona. Avaluar la pres\u00e8ncia del seu negoci a Internet no \u00e9s f\u00e0cil. Per\u00f2 \u00e9s necessari si vol aconseguir algun resultat del seu web. Bredax els dona els instruments perqu\u00e8 puguin fer-ho.[\/vc_column_text]<div class=\"btn-container inline-btn-container\"><a  href=\"https:\/\/www.bredax.com\/wordpress\/contacte\/\" class=\"btn btn-light-out\"   >Demana&#039;ns casos pr\u00e0ctics<\/a><\/div>[\/vc_column_inner][\/vc_row_inner][\/vc_column][\/vc_row][vc_row full_width=&#8221;stretch_row&#8221;][vc_column offset=&#8221;vc_col-md-offset-2 vc_col-md-8&#8243;][vc_row_inner css=&#8221;.vc_custom_1526249455279{margin-top: 0px !important;padding-top: 0px !important;}&#8221;][vc_column_inner width=&#8221;1\/4&#8243;][vc_empty_space height=&#8221;22px&#8221;][vc_single_image image=&#8221;1311&#8243; img_size=&#8221;full&#8221; css=&#8221;.vc_custom_1526249488026{padding-right: 50px !important;padding-bottom: 50px !important;padding-left: 50px !important;}&#8221;][\/vc_column_inner][vc_column_inner width=&#8221;3\/4&#8243;][vc_column_text]<\/p>\n<h3>Voleu m\u00e9s informaci\u00f3?<\/h3>\n<p>Truqueu-nos al 93 867 43 90<br \/>\nO b\u00e9 demaneu-nos fulletons explicatius via correu electr\u00f2nic:[\/vc_column_text][vc_empty_space]\n<div class=\"wpcf7 no-js\" id=\"wpcf7-f1304-o1\" lang=\"ca\" dir=\"ltr\" data-wpcf7-id=\"1304\">\n<div class=\"screen-reader-response\"><p role=\"status\" aria-live=\"polite\" aria-atomic=\"true\"><\/p> <ul><\/ul><\/div>\n<form action=\"\/wordpress\/wp-json\/wp\/v2\/pages\/1483#wpcf7-f1304-o1\" method=\"post\" class=\"wpcf7-form init\" aria-label=\"Formulari de contacte\" novalidate=\"novalidate\" data-status=\"init\">\n<fieldset class=\"hidden-fields-container\"><input type=\"hidden\" name=\"_wpcf7\" value=\"1304\" \/><input type=\"hidden\" name=\"_wpcf7_version\" value=\"6.1.5\" \/><input type=\"hidden\" name=\"_wpcf7_locale\" value=\"ca\" \/><input type=\"hidden\" name=\"_wpcf7_unit_tag\" value=\"wpcf7-f1304-o1\" \/><input type=\"hidden\" name=\"_wpcf7_container_post\" value=\"0\" \/><input type=\"hidden\" name=\"_wpcf7_posted_data_hash\" value=\"\" \/>\n<\/fieldset>\n<div class=\"form-group\">\n\t<p><span class=\"wpcf7-form-control-wrap\" data-name=\"nom\"><input size=\"40\" maxlength=\"400\" class=\"wpcf7-form-control wpcf7-text wpcf7-validates-as-required\" aria-required=\"true\" aria-invalid=\"false\" placeholder=\"Nom\" value=\"\" type=\"text\" name=\"nom\" \/><\/span>\n\t<\/p>\n<\/div>\n<div class=\"form-group\">\n\t<p><span class=\"wpcf7-form-control-wrap\" data-name=\"email\"><input size=\"40\" maxlength=\"400\" class=\"wpcf7-form-control wpcf7-email wpcf7-validates-as-required wpcf7-text wpcf7-validates-as-email\" aria-required=\"true\" aria-invalid=\"false\" placeholder=\"e-mail\" value=\"\" type=\"email\" name=\"email\" \/><\/span>\n\t<\/p>\n<\/div>\n<div class=\"form-group\">\n\t<p><span class=\"wpcf7-form-control-wrap\" data-name=\"web\"><input size=\"40\" maxlength=\"400\" class=\"wpcf7-form-control wpcf7-text wpcf7-validates-as-required\" aria-required=\"true\" aria-invalid=\"false\" placeholder=\"P\u00e0gina web\" value=\"\" type=\"text\" name=\"web\" \/><\/span>\n\t<\/p>\n<\/div>\n<div class=\"form-group\">\n\t<p><input class=\"wpcf7-form-control wpcf7-submit has-spinner btn-dark upper no-radius\" type=\"submit\" value=\"Envia\" \/>\n\t<\/p>\n<\/div><div class=\"wpcf7-response-output\" aria-hidden=\"true\"><\/div>\n<\/form>\n<\/div>\n[\/vc_column_inner][\/vc_row_inner][\/vc_column][\/vc_row]<\/p>\n","protected":false},"excerpt":{"rendered":"<p>[vc_row][vc_column offset=&#8221;vc_col-md-offset-2 vc_col-md-8&#8243;][vc_empty_space][vc_column_text] Les estad\u00edstiques de Bredax inclouen un sistema met\u00f2dic per saber qui \u00e9s la seva compet\u00e8ncia real als cercadors com Google. D&#8217;una manera quantificada, vost\u00e8 pot saber qui competeix amb vost\u00e9 per sortir a Google, per a quines i quantes frases de cerca i en quines posicions a part de vost\u00e8. D&#8217;aquesta manera, [&hellip;]<\/p>\n","protected":false},"author":1,"featured_media":0,"parent":1327,"menu_order":0,"comment_status":"closed","ping_status":"closed","template":"","meta":{"footnotes":""},"class_list":["post-1483","page","type-page","status-publish","hentry"],"_links":{"self":[{"href":"https:\/\/www.bredax.com\/wordpress\/wp-json\/wp\/v2\/pages\/1483","targetHints":{"allow":["GET"]}}],"collection":[{"href":"https:\/\/www.bredax.com\/wordpress\/wp-json\/wp\/v2\/pages"}],"about":[{"href":"https:\/\/www.bredax.com\/wordpress\/wp-json\/wp\/v2\/types\/page"}],"author":[{"embeddable":true,"href":"https:\/\/www.bredax.com\/wordpress\/wp-json\/wp\/v2\/users\/1"}],"replies":[{"embeddable":true,"href":"https:\/\/www.bredax.com\/wordpress\/wp-json\/wp\/v2\/comments?post=1483"}],"version-history":[{"count":2,"href":"https:\/\/www.bredax.com\/wordpress\/wp-json\/wp\/v2\/pages\/1483\/revisions"}],"predecessor-version":[{"id":1485,"href":"https:\/\/www.bredax.com\/wordpress\/wp-json\/wp\/v2\/pages\/1483\/revisions\/1485"}],"up":[{"embeddable":true,"href":"https:\/\/www.bredax.com\/wordpress\/wp-json\/wp\/v2\/pages\/1327"}],"wp:attachment":[{"href":"https:\/\/www.bredax.com\/wordpress\/wp-json\/wp\/v2\/media?parent=1483"}],"curies":[{"name":"wp","href":"https:\/\/api.w.org\/{rel}","templated":true}]}}