{"id":1480,"date":"2018-05-14T13:58:37","date_gmt":"2018-05-14T11:58:37","guid":{"rendered":"https:\/\/www.bredax.com\/wordpress\/?page_id=1480"},"modified":"2018-05-15T09:42:25","modified_gmt":"2018-05-15T07:42:25","slug":"estadistiques-posicionament-web","status":"publish","type":"page","link":"https:\/\/www.bredax.com\/wordpress\/estadistiques-web\/estadistiques-posicionament-web\/","title":{"rendered":"Estad\u00edstiques de posicionament de p\u00e0gines web"},"content":{"rendered":"<p>[vc_row][vc_column offset=&#8221;vc_col-md-offset-2 vc_col-md-8&#8243;]<div class=\"title text-center\"><h4 class=\"upper\" >Tot sota control amb les<\/h4><h2 class=\"\"  >Estad\u00edstiques de posicionament web<\/h2><\/div>[vc_empty_space][vc_column_text]<\/p>\n<p style=\"text-align: center;\">L&#8217;objectiu de les estad\u00edstiques de Bredax \u00e9s que pogueu comprovar si la nostra feina de <strong>Posicionament de la vostre Empresa a Internet<\/strong> us est\u00e0 portant resultats i analitzar els resultats obtinguts.<\/p>\n<p style=\"text-align: center;\">Amb les estad\u00edstiques de Bredax podreu comprovar quines posicions esteu ocupant al sortir a Google o Yahoo o qualsevol cercador per a totes les paraules clau contractades.<\/p>\n<p style=\"text-align: center;\">Amb les estad\u00edstiques de Bredax, a part d&#8217;augmentar visites per internet gr\u00e0cies al posicionament del vostre negoci, podreu veure amb quines frases de cerca us estan trobant amb m\u00e9s facilitat, i aix\u00ed podreu millorar el marketing que oferiu als vostres clients.<\/p>\n<p style=\"text-align: center;\">Amb les estad\u00edstiques de Bredax podeu comprovar si s&#8217;est\u00e0 complint l&#8217;objectiu de ser primer de la llista als buscadors, i quines paraules us porten millors resultats.<\/p>\n<p style=\"text-align: center;\">Podreu analitzar en el temps per a quines paraules heu estat Primer als Cercadors i per a quines paraules no. Podreu veure tamb\u00e9 qu\u00ed \u00e9s la vostra compet\u00e8ncia. Qui apareix primer als cercadors en comptes de vosaltres, quantes vegades ho f\u00e0 i per a quines paraules.<\/p>\n<p>[\/vc_column_text][vc_empty_space][\/vc_column][\/vc_row][vc_row parallax=&#8221;content-moving&#8221; parallax_image=&#8221;338&#8243; overlay_style=&#8221;light-overlay&#8221; el_class=&#8221;simple-parallax&#8221;][vc_column][\/vc_column][\/vc_row][vc_row full_width=&#8221;stretch_row&#8221; content_placement=&#8221;middle&#8221; row_bg_style=&#8221;colored-bg&#8221; row_bg_color=&#8221;#fba500&#8243;][vc_column offset=&#8221;vc_col-md-offset-2 vc_col-md-8&#8243;][vc_row_inner equal_height=&#8221;yes&#8221; content_placement=&#8221;middle&#8221;][vc_column_inner width=&#8221;1\/4&#8243;][vc_single_image image=&#8221;1295&#8243; img_size=&#8221;full&#8221; alignment=&#8221;center&#8221; css=&#8221;.vc_custom_1526247487993{padding-top: 20px !important;padding-right: 20px !important;padding-bottom: 20px !important;padding-left: 20px !important;}&#8221;][\/vc_column_inner][vc_column_inner width=&#8221;3\/4&#8243;][vc_column_text]<\/p>\n<h3>La pres\u00e8ncia de la seva empresa a internet<\/h3>\n<p>Vost\u00e8 t\u00e9 una p\u00e0gina web a Internet. Per\u00f2 hi \u00e9s present? T\u00e9 pres\u00e8ncia als cercadors? El troben els seus clients potencials quan cerquen a Internet all\u00f2 que vost\u00e8 els pot oferir? Les eines estad\u00edstiques de Bredax, juntament amb les nostres accions de m\u00e0rqueting, els permeten comprovar la seva pres\u00e8ncia a Internet. Poden comparar-la amb la dels seus competidors i veure com evoluciona. Avaluar la pres\u00e8ncia del seu negoci a Internet no \u00e9s f\u00e0cil. Per\u00f2 \u00e9s necessari si vol aconseguir algun resultat del seu web. Bredax els dona els instruments perqu\u00e8 puguin fer-ho.[\/vc_column_text]<div class=\"btn-container inline-btn-container\"><a  href=\"https:\/\/www.bredax.com\/wordpress\/contacte\/\" class=\"btn btn-light-out\"   >Demana&#039;ns casos pr\u00e0ctics<\/a><\/div>[\/vc_column_inner][\/vc_row_inner][\/vc_column][\/vc_row][vc_row full_width=&#8221;stretch_row&#8221;][vc_column offset=&#8221;vc_col-md-offset-2 vc_col-md-8&#8243;][vc_row_inner css=&#8221;.vc_custom_1526249455279{margin-top: 0px !important;padding-top: 0px !important;}&#8221;][vc_column_inner width=&#8221;1\/4&#8243;][vc_empty_space height=&#8221;22px&#8221;][vc_single_image image=&#8221;1311&#8243; img_size=&#8221;full&#8221; css=&#8221;.vc_custom_1526249488026{padding-right: 50px !important;padding-bottom: 50px !important;padding-left: 50px !important;}&#8221;][\/vc_column_inner][vc_column_inner width=&#8221;3\/4&#8243;][vc_column_text]<\/p>\n<h3>Voleu m\u00e9s informaci\u00f3?<\/h3>\n<p>Truqueu-nos al 93 867 43 90<br \/>\nO b\u00e9 demaneu-nos fulletons explicatius via correu electr\u00f2nic:[\/vc_column_text][vc_empty_space]\n<div class=\"wpcf7 no-js\" id=\"wpcf7-f1304-o1\" lang=\"ca\" dir=\"ltr\" data-wpcf7-id=\"1304\">\n<div class=\"screen-reader-response\"><p role=\"status\" aria-live=\"polite\" aria-atomic=\"true\"><\/p> <ul><\/ul><\/div>\n<form action=\"\/wordpress\/wp-json\/wp\/v2\/pages\/1480#wpcf7-f1304-o1\" method=\"post\" class=\"wpcf7-form init\" aria-label=\"Formulari de contacte\" novalidate=\"novalidate\" data-status=\"init\">\n<fieldset class=\"hidden-fields-container\"><input type=\"hidden\" name=\"_wpcf7\" value=\"1304\" \/><input type=\"hidden\" name=\"_wpcf7_version\" value=\"6.1.5\" \/><input type=\"hidden\" name=\"_wpcf7_locale\" value=\"ca\" \/><input type=\"hidden\" name=\"_wpcf7_unit_tag\" value=\"wpcf7-f1304-o1\" \/><input type=\"hidden\" name=\"_wpcf7_container_post\" value=\"0\" \/><input type=\"hidden\" name=\"_wpcf7_posted_data_hash\" value=\"\" \/>\n<\/fieldset>\n<div class=\"form-group\">\n\t<p><span class=\"wpcf7-form-control-wrap\" data-name=\"nom\"><input size=\"40\" maxlength=\"400\" class=\"wpcf7-form-control wpcf7-text wpcf7-validates-as-required\" aria-required=\"true\" aria-invalid=\"false\" placeholder=\"Nom\" value=\"\" type=\"text\" name=\"nom\" \/><\/span>\n\t<\/p>\n<\/div>\n<div class=\"form-group\">\n\t<p><span class=\"wpcf7-form-control-wrap\" data-name=\"email\"><input size=\"40\" maxlength=\"400\" class=\"wpcf7-form-control wpcf7-email wpcf7-validates-as-required wpcf7-text wpcf7-validates-as-email\" aria-required=\"true\" aria-invalid=\"false\" placeholder=\"e-mail\" value=\"\" type=\"email\" name=\"email\" \/><\/span>\n\t<\/p>\n<\/div>\n<div class=\"form-group\">\n\t<p><span class=\"wpcf7-form-control-wrap\" data-name=\"web\"><input size=\"40\" maxlength=\"400\" class=\"wpcf7-form-control wpcf7-text wpcf7-validates-as-required\" aria-required=\"true\" aria-invalid=\"false\" placeholder=\"P\u00e0gina web\" value=\"\" type=\"text\" name=\"web\" \/><\/span>\n\t<\/p>\n<\/div>\n<div class=\"form-group\">\n\t<p><input class=\"wpcf7-form-control wpcf7-submit has-spinner btn-dark upper no-radius\" type=\"submit\" value=\"Envia\" \/>\n\t<\/p>\n<\/div><div class=\"wpcf7-response-output\" aria-hidden=\"true\"><\/div>\n<\/form>\n<\/div>\n[\/vc_column_inner][\/vc_row_inner][\/vc_column][\/vc_row]<\/p>\n","protected":false},"excerpt":{"rendered":"<p>[vc_row][vc_column offset=&#8221;vc_col-md-offset-2 vc_col-md-8&#8243;][vc_empty_space][vc_column_text] L&#8217;objectiu de les estad\u00edstiques de Bredax \u00e9s que pogueu comprovar si la nostra feina de Posicionament de la vostre Empresa a Internet us est\u00e0 portant resultats i analitzar els resultats obtinguts. Amb les estad\u00edstiques de Bredax podreu comprovar quines posicions esteu ocupant al sortir a Google o Yahoo o qualsevol cercador per [&hellip;]<\/p>\n","protected":false},"author":1,"featured_media":0,"parent":1327,"menu_order":0,"comment_status":"closed","ping_status":"closed","template":"","meta":{"footnotes":""},"class_list":["post-1480","page","type-page","status-publish","hentry"],"_links":{"self":[{"href":"https:\/\/www.bredax.com\/wordpress\/wp-json\/wp\/v2\/pages\/1480","targetHints":{"allow":["GET"]}}],"collection":[{"href":"https:\/\/www.bredax.com\/wordpress\/wp-json\/wp\/v2\/pages"}],"about":[{"href":"https:\/\/www.bredax.com\/wordpress\/wp-json\/wp\/v2\/types\/page"}],"author":[{"embeddable":true,"href":"https:\/\/www.bredax.com\/wordpress\/wp-json\/wp\/v2\/users\/1"}],"replies":[{"embeddable":true,"href":"https:\/\/www.bredax.com\/wordpress\/wp-json\/wp\/v2\/comments?post=1480"}],"version-history":[{"count":2,"href":"https:\/\/www.bredax.com\/wordpress\/wp-json\/wp\/v2\/pages\/1480\/revisions"}],"predecessor-version":[{"id":1482,"href":"https:\/\/www.bredax.com\/wordpress\/wp-json\/wp\/v2\/pages\/1480\/revisions\/1482"}],"up":[{"embeddable":true,"href":"https:\/\/www.bredax.com\/wordpress\/wp-json\/wp\/v2\/pages\/1327"}],"wp:attachment":[{"href":"https:\/\/www.bredax.com\/wordpress\/wp-json\/wp\/v2\/media?parent=1480"}],"curies":[{"name":"wp","href":"https:\/\/api.w.org\/{rel}","templated":true}]}}