{"id":1475,"date":"2018-05-14T13:54:02","date_gmt":"2018-05-14T11:54:02","guid":{"rendered":"https:\/\/www.bredax.com\/wordpress\/?page_id=1475"},"modified":"2018-05-15T09:37:16","modified_gmt":"2018-05-15T07:37:16","slug":"promocionar-webs","status":"publish","type":"page","link":"https:\/\/www.bredax.com\/wordpress\/posicionament-web\/promocionar-webs\/","title":{"rendered":"Promocionar webs amb treball col\u00b7laboratiu"},"content":{"rendered":"<p>[vc_row][vc_column offset=&#8221;vc_col-md-offset-2 vc_col-md-8&#8243;]<div class=\"title text-center\"><h2 class=\"\"  >Treball col\u00b7laboratiu<\/h2><\/div>[vc_empty_space][vc_column_text]<\/p>\n<p style=\"text-align: center;\">La feina de Bredax \u00e9s aconseguir obrir-vos una nova via d&#8217;acc\u00e9s als vostres clients mitjan\u00e7ant la promoci\u00f3 a Internet. Per assolir aquest objectiu Bredax t\u00e9 comprovat que la millor manera \u00e9s col\u00b7laborant amb vosaltres.<\/p>\n<p style=\"text-align: center;\">A Bredax col\u00b7laborem amb els nostres clients per promocionar p\u00e0gines web a internet. Us ensenyem com ens podeu ajudar a assolir l&#8217;objectiu de promoci\u00f3 que ens hem marcat.<\/p>\n<p style=\"text-align: center;\">Aquesta manera de treballar, que sobrepassa el nostre l\u00f2gic comprom\u00eds per assolir els objectius de promoci\u00f3 contractats, ens ha donat molts bons resultats en el passat i creiem que ens continuar\u00e0 duent resultats en el futur.<\/p>\n<p style=\"text-align: center;\">Promocionar Webs \u00e9s la nostra feina. La promoci\u00f3 del seu negoci \u00e9s la seva. La promoci\u00f3 de la seva empresa a internet \u00e9s una feina que podem fer plegats.<\/p>\n<p>[\/vc_column_text][vc_empty_space][\/vc_column][\/vc_row][vc_row parallax=&#8221;content-moving&#8221; parallax_image=&#8221;1468&#8243; overlay_style=&#8221;light-overlay&#8221; el_class=&#8221;simple-parallax&#8221;][vc_column][\/vc_column][\/vc_row][vc_row full_width=&#8221;stretch_row&#8221; content_placement=&#8221;middle&#8221; row_bg_style=&#8221;colored-bg&#8221; row_bg_color=&#8221;#fba500&#8243;][vc_column offset=&#8221;vc_col-md-offset-2 vc_col-md-8&#8243;][vc_row_inner equal_height=&#8221;yes&#8221; content_placement=&#8221;middle&#8221;][vc_column_inner width=&#8221;1\/4&#8243;][vc_single_image image=&#8221;1295&#8243; img_size=&#8221;full&#8221; alignment=&#8221;center&#8221; css=&#8221;.vc_custom_1526247487993{padding-top: 20px !important;padding-right: 20px !important;padding-bottom: 20px !important;padding-left: 20px !important;}&#8221;][\/vc_column_inner][vc_column_inner width=&#8221;3\/4&#8243;][vc_column_text]<\/p>\n<h3>La pres\u00e8ncia de la seva empresa a internet<\/h3>\n<p>Vost\u00e8 t\u00e9 una p\u00e0gina web a Internet. Per\u00f2 hi \u00e9s present? T\u00e9 pres\u00e8ncia als cercadors? El troben els seus clients potencials quan cerquen a Internet all\u00f2 que vost\u00e8 els pot oferir? Les eines estad\u00edstiques de Bredax, juntament amb les nostres accions de m\u00e0rqueting, els permeten comprovar la seva pres\u00e8ncia a Internet. Poden comparar-la amb la dels seus competidors i veure com evoluciona. Avaluar la pres\u00e8ncia del seu negoci a Internet no \u00e9s f\u00e0cil. Per\u00f2 \u00e9s necessari si vol aconseguir algun resultat del seu web. Bredax els dona els instruments perqu\u00e8 puguin fer-ho.[\/vc_column_text]<div class=\"btn-container inline-btn-container\"><a  href=\"https:\/\/www.bredax.com\/wordpress\/contacte\/\" class=\"btn btn-light-out\"   >Demana&#039;ns casos pr\u00e0ctics<\/a><\/div>[\/vc_column_inner][\/vc_row_inner][\/vc_column][\/vc_row][vc_row full_width=&#8221;stretch_row&#8221;][vc_column offset=&#8221;vc_col-md-offset-2 vc_col-md-8&#8243;][vc_row_inner css=&#8221;.vc_custom_1526249455279{margin-top: 0px !important;padding-top: 0px !important;}&#8221;][vc_column_inner width=&#8221;1\/4&#8243;][vc_empty_space height=&#8221;22px&#8221;][vc_single_image image=&#8221;1311&#8243; img_size=&#8221;full&#8221; css=&#8221;.vc_custom_1526249488026{padding-right: 50px !important;padding-bottom: 50px !important;padding-left: 50px !important;}&#8221;][\/vc_column_inner][vc_column_inner width=&#8221;3\/4&#8243;][vc_column_text]<\/p>\n<h3>Voleu m\u00e9s informaci\u00f3?<\/h3>\n<p>Truqueu-nos al 93 867 43 90<br \/>\nO b\u00e9 demaneu-nos fulletons explicatius via correu electr\u00f2nic:[\/vc_column_text][vc_empty_space]\n<div class=\"wpcf7 no-js\" id=\"wpcf7-f1304-o1\" lang=\"ca\" dir=\"ltr\" data-wpcf7-id=\"1304\">\n<div class=\"screen-reader-response\"><p role=\"status\" aria-live=\"polite\" aria-atomic=\"true\"><\/p> <ul><\/ul><\/div>\n<form action=\"\/wordpress\/wp-json\/wp\/v2\/pages\/1475#wpcf7-f1304-o1\" method=\"post\" class=\"wpcf7-form init\" aria-label=\"Formulari de contacte\" novalidate=\"novalidate\" data-status=\"init\">\n<fieldset class=\"hidden-fields-container\"><input type=\"hidden\" name=\"_wpcf7\" value=\"1304\" \/><input type=\"hidden\" name=\"_wpcf7_version\" value=\"6.1.5\" \/><input type=\"hidden\" name=\"_wpcf7_locale\" value=\"ca\" \/><input type=\"hidden\" name=\"_wpcf7_unit_tag\" value=\"wpcf7-f1304-o1\" \/><input type=\"hidden\" name=\"_wpcf7_container_post\" value=\"0\" \/><input type=\"hidden\" name=\"_wpcf7_posted_data_hash\" value=\"\" \/>\n<\/fieldset>\n<div class=\"form-group\">\n\t<p><span class=\"wpcf7-form-control-wrap\" data-name=\"nom\"><input size=\"40\" maxlength=\"400\" class=\"wpcf7-form-control wpcf7-text wpcf7-validates-as-required\" aria-required=\"true\" aria-invalid=\"false\" placeholder=\"Nom\" value=\"\" type=\"text\" name=\"nom\" \/><\/span>\n\t<\/p>\n<\/div>\n<div class=\"form-group\">\n\t<p><span class=\"wpcf7-form-control-wrap\" data-name=\"email\"><input size=\"40\" maxlength=\"400\" class=\"wpcf7-form-control wpcf7-email wpcf7-validates-as-required wpcf7-text wpcf7-validates-as-email\" aria-required=\"true\" aria-invalid=\"false\" placeholder=\"e-mail\" value=\"\" type=\"email\" name=\"email\" \/><\/span>\n\t<\/p>\n<\/div>\n<div class=\"form-group\">\n\t<p><span class=\"wpcf7-form-control-wrap\" data-name=\"web\"><input size=\"40\" maxlength=\"400\" class=\"wpcf7-form-control wpcf7-text wpcf7-validates-as-required\" aria-required=\"true\" aria-invalid=\"false\" placeholder=\"P\u00e0gina web\" value=\"\" type=\"text\" name=\"web\" \/><\/span>\n\t<\/p>\n<\/div>\n<div class=\"form-group\">\n\t<p><input class=\"wpcf7-form-control wpcf7-submit has-spinner btn-dark upper no-radius\" type=\"submit\" value=\"Envia\" \/>\n\t<\/p>\n<\/div><div class=\"wpcf7-response-output\" aria-hidden=\"true\"><\/div>\n<\/form>\n<\/div>\n[\/vc_column_inner][\/vc_row_inner][\/vc_column][\/vc_row]<\/p>\n","protected":false},"excerpt":{"rendered":"<p>[vc_row][vc_column offset=&#8221;vc_col-md-offset-2 vc_col-md-8&#8243;][vc_empty_space][vc_column_text] La feina de Bredax \u00e9s aconseguir obrir-vos una nova via d&#8217;acc\u00e9s als vostres clients mitjan\u00e7ant la promoci\u00f3 a Internet. Per assolir aquest objectiu Bredax t\u00e9 comprovat que la millor manera \u00e9s col\u00b7laborant amb vosaltres. A Bredax col\u00b7laborem amb els nostres clients per promocionar p\u00e0gines web a internet. Us ensenyem com ens podeu [&hellip;]<\/p>\n","protected":false},"author":1,"featured_media":0,"parent":1278,"menu_order":0,"comment_status":"closed","ping_status":"closed","template":"","meta":{"footnotes":""},"class_list":["post-1475","page","type-page","status-publish","hentry"],"_links":{"self":[{"href":"https:\/\/www.bredax.com\/wordpress\/wp-json\/wp\/v2\/pages\/1475","targetHints":{"allow":["GET"]}}],"collection":[{"href":"https:\/\/www.bredax.com\/wordpress\/wp-json\/wp\/v2\/pages"}],"about":[{"href":"https:\/\/www.bredax.com\/wordpress\/wp-json\/wp\/v2\/types\/page"}],"author":[{"embeddable":true,"href":"https:\/\/www.bredax.com\/wordpress\/wp-json\/wp\/v2\/users\/1"}],"replies":[{"embeddable":true,"href":"https:\/\/www.bredax.com\/wordpress\/wp-json\/wp\/v2\/comments?post=1475"}],"version-history":[{"count":3,"href":"https:\/\/www.bredax.com\/wordpress\/wp-json\/wp\/v2\/pages\/1475\/revisions"}],"predecessor-version":[{"id":1499,"href":"https:\/\/www.bredax.com\/wordpress\/wp-json\/wp\/v2\/pages\/1475\/revisions\/1499"}],"up":[{"embeddable":true,"href":"https:\/\/www.bredax.com\/wordpress\/wp-json\/wp\/v2\/pages\/1278"}],"wp:attachment":[{"href":"https:\/\/www.bredax.com\/wordpress\/wp-json\/wp\/v2\/media?parent=1475"}],"curies":[{"name":"wp","href":"https:\/\/api.w.org\/{rel}","templated":true}]}}