{"id":1366,"date":"2018-05-14T09:47:10","date_gmt":"2018-05-14T07:47:10","guid":{"rendered":"https:\/\/www.bredax.com\/wordpress\/?page_id=1366"},"modified":"2018-05-15T09:43:46","modified_gmt":"2018-05-15T07:43:46","slug":"posicionament-local","status":"publish","type":"page","link":"https:\/\/www.bredax.com\/wordpress\/posicionament-local\/","title":{"rendered":"Posicionament local"},"content":{"rendered":"<p>[vc_row][vc_column offset=&#8221;vc_col-md-offset-2 vc_col-md-8&#8243;]<div class=\"title text-center\"><h4 class=\"upper\" >La proximitat que ajuda a vendre<\/h4><h2 class=\"\"  >Posicionament web local<\/h2><\/div>[vc_empty_space][vc_column_text]<\/p>\n<p style=\"text-align: center;\">El \u201cposicionament als cercadors\u201d \u00e9s la feina que es fa amb un lloc web per permetre a aquest lloc sortir als cercadors quan els possibles visitants del web cerquen alguna cosa que aquest usuari ofereix.<\/p>\n<p style=\"text-align: center;\">Des de la popularitzaci\u00f3 dels smartphones amb serveis de localitzaci\u00f3, cada vegada \u00e9s m\u00e9s habitual trobar-nos entre els resultats de cerca, resultats molt localitzats al nostre entorn.<\/p>\n<p style=\"text-align: center;\">Amb una llarga experi\u00e8ncia en el sector, Bredax us presenta un servei que, a un preu raonable, s\u2019adapta a les necessitats de visibilitat del vostre web i a la creixent tend\u00e8ncia de posicionar-se de manera localitzada.<\/p>\n<p>[\/vc_column_text][vc_empty_space][vc_column_text]<\/p>\n<div class=\"wpb_text_column wpb_content_element \">\n<div class=\"wpb_wrapper\">\n<p style=\"text-align: center;\"><strong>El proces que segueix Bredax t\u00e9 les seg\u00fcents caracter\u00edstiques diferencials:<\/strong><\/p>\n<\/div>\n<\/div>\n<p>[\/vc_column_text][vc_row_inner equal_height=&#8221;yes&#8221; css=&#8221;.vc_custom_1526209375650{padding-top: 25px !important;padding-bottom: 25px !important;}&#8221;][vc_column_inner width=&#8221;1\/2&#8243;]<div class=\"icon-box align-left  boxed-style\"  data-animation=\"zoomIn\"><i class=\"hc-todolist-pencil\" style=\"color: #fba500\"><\/i><div class=\"ib-content\"><h4 class=\" \">Totes les paraules que facin falta<\/h4><p>Posem la seva p\u00e0gina en primer lloc dels cercadors per aquelles paraules que el seu lloc web necessiti. Des dels inicis, oferim els nostres serveis per a grans volums de frases de cerca, coneguts en l&#8217;actualitat com a <strong>long-tail keywords<\/strong>.<\/p><\/div><\/div><div class=\"icon-box align-left  boxed-style\"  data-animation=\"zoomIn\" data-delay=\"600\"><i class=\"hc-briefcase\" style=\"color: #fba500\"><\/i><div class=\"ib-content\"><h4 class=\" \">Treball col\u00b7laboratiu<\/h4><p>A Bredax som molt conscients de quina \u00e9s la nostra feina. Aconseguir que vost\u00e8 i el seu negoci aconsegueixi m\u00e9s contactes. Que li soni el tel\u00e8fon i rebi peticions d\u2019informaci\u00f3 per la web. Sabem que el posicionament \u00e9s nom\u00e9s una molt bona manera d\u2019aconseguir-ho.<\/p><\/div><\/div>[\/vc_column_inner][vc_column_inner width=&#8221;1\/2&#8243;]<div class=\"icon-box align-left  boxed-style\"  data-animation=\"zoomIn\" data-delay=\"300\"><i class=\"hc-cut\" style=\"color: #fab500\"><\/i><div class=\"ib-content\"><h4 class=\" \">Estricte controls dels resultats<\/h4><p>De res serveix el millor treball de posicionament si uns canvis posteriors al web a optimitzar desfan la feina feta. Internet, els cercadors, els llocs web i els de la compet\u00e8ncia s\u00f3n estructures vives que varien en el temps.<\/p><\/div><\/div><div class=\"icon-box align-left  boxed-style\"  data-animation=\"zoomIn\" data-delay=\"900\"><i class=\"hc-easel\" style=\"color: #fba500\"><\/i><div class=\"ib-content\"><h4 class=\" \">Potenciem la seva p\u00e0gina web<\/h4><p>A difer\u00e8ncia d\u2019algunes empreses de posicionament, que potencien p\u00e0gines web que els pertanyen, la feina que fa Bredax la fa sobre els webs propis dels nostres clients. Aix\u00ed, si un dia vost\u00e8 decideix que no li som prou \u00fatils, no perdr\u00e0 pas el posicionament del tot.<\/p><\/div><\/div>[\/vc_column_inner][\/vc_row_inner][\/vc_column][\/vc_row][vc_row parallax=&#8221;content-moving&#8221; parallax_image=&#8221;1371&#8243; overlay_style=&#8221;light-overlay&#8221; el_class=&#8221;simple-parallax&#8221; el_id=&#8221;parallaxhotel&#8221;][vc_column][\/vc_column][\/vc_row][vc_row full_width=&#8221;stretch_row&#8221; content_placement=&#8221;middle&#8221; row_bg_style=&#8221;colored-bg&#8221; row_bg_color=&#8221;#fba500&#8243;][vc_column offset=&#8221;vc_col-md-offset-2 vc_col-md-8&#8243;][vc_row_inner equal_height=&#8221;yes&#8221; content_placement=&#8221;middle&#8221;][vc_column_inner width=&#8221;1\/4&#8243;][vc_single_image image=&#8221;1295&#8243; img_size=&#8221;full&#8221; alignment=&#8221;center&#8221; css=&#8221;.vc_custom_1526247487993{padding-top: 20px !important;padding-right: 20px !important;padding-bottom: 20px !important;padding-left: 20px !important;}&#8221;][\/vc_column_inner][vc_column_inner width=&#8221;3\/4&#8243;][vc_column_text]<\/p>\n<h3>Campanyes de cerca localitzades<\/h3>\n<p>En un m\u00f3n connectat on \u00e9s possible realitzar cerques a gaireb\u00e9 qualsevol indret, Google ha reaccionat mostrant resultats locals dins dels resultats de cerca, a m\u00e9s, l&#8217;usuari, tamb\u00e9 ha adaptat els seus criteris de cerca incloent en multitud d&#8217;ocasions la localitat per a la qual est\u00e0 cercant un producte o servei. El posicionament web local \u00e9s especialment\u00a0indicat per a totes aquelles empreses que ofereixen els seus productes i\/o serveis a un \u00e0mbit d&#8217;actuaci\u00f3 redu\u00eft.[\/vc_column_text]<div class=\"btn-container inline-btn-container\"><a  href=\"https:\/\/www.bredax.com\/wordpress\/contacte\/\" class=\"btn btn-light-out\"   >Demana&#039;ns casos pr\u00e0ctics<\/a><\/div>[\/vc_column_inner][\/vc_row_inner][\/vc_column][\/vc_row][vc_row full_width=&#8221;stretch_row&#8221;][vc_column offset=&#8221;vc_col-md-offset-2 vc_col-md-8&#8243;][vc_row_inner css=&#8221;.vc_custom_1526249455279{margin-top: 0px !important;padding-top: 0px !important;}&#8221;][vc_column_inner width=&#8221;1\/4&#8243;][vc_empty_space height=&#8221;22px&#8221;][vc_single_image image=&#8221;1311&#8243; img_size=&#8221;full&#8221; css=&#8221;.vc_custom_1526249488026{padding-right: 50px !important;padding-bottom: 50px !important;padding-left: 50px !important;}&#8221;][\/vc_column_inner][vc_column_inner width=&#8221;3\/4&#8243;][vc_column_text]<\/p>\n<h3>Voleu m\u00e9s informaci\u00f3?<\/h3>\n<p>Truqueu-nos al 93 867 43 90<br \/>\nO b\u00e9 demaneu-nos fulletons explicatius via correu electr\u00f2nic:[\/vc_column_text][vc_empty_space]\n<div class=\"wpcf7 no-js\" id=\"wpcf7-f1304-o1\" lang=\"ca\" dir=\"ltr\" data-wpcf7-id=\"1304\">\n<div class=\"screen-reader-response\"><p role=\"status\" aria-live=\"polite\" aria-atomic=\"true\"><\/p> <ul><\/ul><\/div>\n<form action=\"\/wordpress\/wp-json\/wp\/v2\/pages\/1366#wpcf7-f1304-o1\" method=\"post\" class=\"wpcf7-form init\" aria-label=\"Formulari de contacte\" novalidate=\"novalidate\" data-status=\"init\">\n<fieldset class=\"hidden-fields-container\"><input type=\"hidden\" name=\"_wpcf7\" value=\"1304\" \/><input type=\"hidden\" name=\"_wpcf7_version\" value=\"6.1.5\" \/><input type=\"hidden\" name=\"_wpcf7_locale\" value=\"ca\" \/><input type=\"hidden\" name=\"_wpcf7_unit_tag\" value=\"wpcf7-f1304-o1\" \/><input type=\"hidden\" name=\"_wpcf7_container_post\" value=\"0\" \/><input type=\"hidden\" name=\"_wpcf7_posted_data_hash\" value=\"\" \/>\n<\/fieldset>\n<div class=\"form-group\">\n\t<p><span class=\"wpcf7-form-control-wrap\" data-name=\"nom\"><input size=\"40\" maxlength=\"400\" class=\"wpcf7-form-control wpcf7-text wpcf7-validates-as-required\" aria-required=\"true\" aria-invalid=\"false\" placeholder=\"Nom\" value=\"\" type=\"text\" name=\"nom\" \/><\/span>\n\t<\/p>\n<\/div>\n<div class=\"form-group\">\n\t<p><span class=\"wpcf7-form-control-wrap\" data-name=\"email\"><input size=\"40\" maxlength=\"400\" class=\"wpcf7-form-control wpcf7-email wpcf7-validates-as-required wpcf7-text wpcf7-validates-as-email\" aria-required=\"true\" aria-invalid=\"false\" placeholder=\"e-mail\" value=\"\" type=\"email\" name=\"email\" \/><\/span>\n\t<\/p>\n<\/div>\n<div class=\"form-group\">\n\t<p><span class=\"wpcf7-form-control-wrap\" data-name=\"web\"><input size=\"40\" maxlength=\"400\" class=\"wpcf7-form-control wpcf7-text wpcf7-validates-as-required\" aria-required=\"true\" aria-invalid=\"false\" placeholder=\"P\u00e0gina web\" value=\"\" type=\"text\" name=\"web\" \/><\/span>\n\t<\/p>\n<\/div>\n<div class=\"form-group\">\n\t<p><input class=\"wpcf7-form-control wpcf7-submit has-spinner btn-dark upper no-radius\" type=\"submit\" value=\"Envia\" \/>\n\t<\/p>\n<\/div><div class=\"wpcf7-response-output\" aria-hidden=\"true\"><\/div>\n<\/form>\n<\/div>\n[\/vc_column_inner][\/vc_row_inner][\/vc_column][\/vc_row]<\/p>\n","protected":false},"excerpt":{"rendered":"<p>[vc_row][vc_column offset=&#8221;vc_col-md-offset-2 vc_col-md-8&#8243;][vc_empty_space][vc_column_text] El \u201cposicionament als cercadors\u201d \u00e9s la feina que es fa amb un lloc web per permetre a aquest lloc sortir als cercadors quan els possibles visitants del web cerquen alguna cosa que aquest usuari ofereix. Des de la popularitzaci\u00f3 dels smartphones amb serveis de localitzaci\u00f3, cada vegada \u00e9s m\u00e9s habitual trobar-nos entre [&hellip;]<\/p>\n","protected":false},"author":1,"featured_media":0,"parent":0,"menu_order":0,"comment_status":"closed","ping_status":"closed","template":"","meta":{"footnotes":""},"class_list":["post-1366","page","type-page","status-publish","hentry"],"_links":{"self":[{"href":"https:\/\/www.bredax.com\/wordpress\/wp-json\/wp\/v2\/pages\/1366","targetHints":{"allow":["GET"]}}],"collection":[{"href":"https:\/\/www.bredax.com\/wordpress\/wp-json\/wp\/v2\/pages"}],"about":[{"href":"https:\/\/www.bredax.com\/wordpress\/wp-json\/wp\/v2\/types\/page"}],"author":[{"embeddable":true,"href":"https:\/\/www.bredax.com\/wordpress\/wp-json\/wp\/v2\/users\/1"}],"replies":[{"embeddable":true,"href":"https:\/\/www.bredax.com\/wordpress\/wp-json\/wp\/v2\/comments?post=1366"}],"version-history":[{"count":7,"href":"https:\/\/www.bredax.com\/wordpress\/wp-json\/wp\/v2\/pages\/1366\/revisions"}],"predecessor-version":[{"id":1413,"href":"https:\/\/www.bredax.com\/wordpress\/wp-json\/wp\/v2\/pages\/1366\/revisions\/1413"}],"wp:attachment":[{"href":"https:\/\/www.bredax.com\/wordpress\/wp-json\/wp\/v2\/media?parent=1366"}],"curies":[{"name":"wp","href":"https:\/\/api.w.org\/{rel}","templated":true}]}}