{"id":1341,"date":"2018-05-14T09:06:20","date_gmt":"2018-05-14T07:06:20","guid":{"rendered":"https:\/\/www.bredax.com\/wordpress\/?page_id=1341"},"modified":"2018-05-15T09:33:49","modified_gmt":"2018-05-15T07:33:49","slug":"campanyes-de-publicitat","status":"publish","type":"page","link":"https:\/\/www.bredax.com\/wordpress\/campanyes-de-publicitat\/","title":{"rendered":"Campanyes de publicitat als cercadors"},"content":{"rendered":"<p>[vc_row][vc_column offset=&#8221;vc_col-md-offset-2 vc_col-md-8&#8243;]<div class=\"title text-center\"><h4 class=\"upper\" >Promociona tantes frases com necessitis amb les<\/h4><h2 class=\"\"  >Campanyes de Publicitat als Cercadors<\/h2><\/div>[vc_empty_space][vc_column_text]<\/p>\n<p style=\"text-align: center;\">Bredax \u00e9s una empresa especialitzada en fer-li arribar al web visites qualificades a un preu efectiu. Per aconseguir-ho utilitzem totes aquelles eines que considerem necess\u00e0ries, i una d&#8217;elles s\u00f3n les campanyes de publicitat als cercadors.<\/p>\n<p style=\"text-align: center;\">Les campanyes de publicitat als cercadors de Bredax produeixen moltes m\u00e9s visites i a un preu molt m\u00e9s baix que les campanyes de publicitat que en general poden donar d&#8217;alta i gestionar els nostres clients.<\/p>\n<p>[\/vc_column_text][vc_empty_space][vc_column_text]<\/p>\n<div class=\"wpb_text_column wpb_content_element \">\n<div class=\"wpb_wrapper\">\n<p style=\"text-align: center;\"><strong>Entre els avantatges principals de les campanyes de publicitat als cercadors de Bredax trobem:<\/strong><\/p>\n<\/div>\n<\/div>\n<p>[\/vc_column_text][vc_row_inner equal_height=&#8221;yes&#8221; css=&#8221;.vc_custom_1526209375650{padding-top: 25px !important;padding-bottom: 25px !important;}&#8221;][vc_column_inner width=&#8221;1\/2&#8243;]<div class=\"icon-box align-left  boxed-style\"  data-animation=\"zoomIn\" data-delay=\"300\"><i class=\"hc-megaphone\" style=\"color: #fab500\"><\/i><div class=\"ib-content\"><h4 class=\" \">Campanyes de Marqueting Optimitzades<\/h4><p>Tothom pot crear una campanya de m\u00e0rqueting als cercadors amb Google AdWords. Una altra cosa \u00e9s que aconsegueixin visites efectives que produeixin compres i a un preu raonable.<\/p><\/div><\/div>[\/vc_column_inner][vc_column_inner width=&#8221;1\/2&#8243;]<div class=\"icon-box align-left  boxed-style\"  data-animation=\"zoomIn\" data-delay=\"600\"><i class=\"hc-checkmark-circle\" style=\"color: #fba500\"><\/i><div class=\"ib-content\"><h4 class=\" \">Revisions constants en les campanyes de publicitat als cercadors<\/h4><p>Bredax estudia constantment la vostra campanya i compet\u00e8ncia i pren les mesures correctives pertinents per millorar-ne les conversions i reduint el cost per clic.<\/p><\/div><\/div>[\/vc_column_inner][\/vc_row_inner][vc_empty_space][\/vc_column][\/vc_row][vc_row row_bg_style=&#8221;grey-bg&#8221;][vc_column offset=&#8221;vc_col-md-offset-2 vc_col-md-8&#8243;][vc_row_inner equal_height=&#8221;yes&#8221; css=&#8221;.vc_custom_1526209375650{padding-top: 25px !important;padding-bottom: 25px !important;}&#8221;][vc_column_inner width=&#8221;1\/2&#8243;][vc_single_image image=&#8221;1357&#8243; img_size=&#8221;full&#8221; alignment=&#8221;center&#8221; img_link_target=&#8221;_blank&#8221; onclick=&#8221;custom_link&#8221; link=&#8221;https:\/\/www.google.com\/partners\/#a_profile;idtf=1289330449&#8243;][vc_empty_space height=&#8221;20px&#8221;][vc_single_image image=&#8221;1360&#8243; img_size=&#8221;full&#8221; alignment=&#8221;center&#8221;][\/vc_column_inner][vc_column_inner width=&#8221;1\/2&#8243;][vc_column_text]<strong>Experi\u00e8ncia certificada<\/strong><\/p>\n<p>Bredax ha demostrat que pot treure un elevat rendiment al producte i que t\u00e9 experi\u00e8ncia en conceptes b\u00e0sics i avan\u00e7ats sobre la publicitat per a m\u00f2bils, com ara els formats d&#8217;anunci, les ofertes, la segmentaci\u00f3, i l&#8217;optimitzaci\u00f3 i el mesurament de les campanyes.[\/vc_column_text][\/vc_column_inner][\/vc_row_inner][\/vc_column][\/vc_row][vc_row parallax=&#8221;content-moving&#8221; parallax_image=&#8221;1350&#8243; overlay_style=&#8221;light-overlay&#8221; el_class=&#8221;simple-parallax&#8221;][vc_column][\/vc_column][\/vc_row][vc_row full_width=&#8221;stretch_row&#8221; content_placement=&#8221;middle&#8221; row_bg_style=&#8221;colored-bg&#8221; row_bg_color=&#8221;#fba500&#8243;][vc_column offset=&#8221;vc_col-md-offset-2 vc_col-md-8&#8243;][vc_row_inner equal_height=&#8221;yes&#8221; content_placement=&#8221;middle&#8221;][vc_column_inner width=&#8221;1\/4&#8243;][vc_single_image image=&#8221;1295&#8243; img_size=&#8221;full&#8221; alignment=&#8221;center&#8221; css=&#8221;.vc_custom_1526247487993{padding-top: 20px !important;padding-right: 20px !important;padding-bottom: 20px !important;padding-left: 20px !important;}&#8221;][\/vc_column_inner][vc_column_inner width=&#8221;3\/4&#8243;][vc_column_text]<\/p>\n<h3>Campanyes de publicitat als cercadors efectives<\/h3>\n<p>Molta gent ha descobert alguna vegada les <strong>campanyes de publicitat als cercadors<\/strong>, i molta gent, despr\u00e9s d&#8217;haver-les provat durant un temps, les han abandonat perqu\u00e8 els resultaven massa cares. Bredax crea Campanyes de Publicitat als cercadors tant efectives que els nostres clients no les aturen mai. L&#8217;objectiu que persegueix Bredax amb les nostres Campanyes de Publicitat a Google no \u00e9s aconseguir moltes visites al seu web. Bredax aconsegueix enviar-li, mitjan\u00e7ant les nostres campanyes de publicitat, totes les visites que poguem a un preu raonable i altament qualificades.[\/vc_column_text]<div class=\"btn-container inline-btn-container\"><a  href=\"https:\/\/www.bredax.com\/wordpress\/contacte\/\" class=\"btn btn-light-out\"   >Demana&#039;ns casos pr\u00e0ctics<\/a><\/div>[\/vc_column_inner][\/vc_row_inner][\/vc_column][\/vc_row][vc_row full_width=&#8221;stretch_row&#8221;][vc_column offset=&#8221;vc_col-md-offset-2 vc_col-md-8&#8243;][vc_row_inner css=&#8221;.vc_custom_1526249455279{margin-top: 0px !important;padding-top: 0px !important;}&#8221;][vc_column_inner width=&#8221;1\/4&#8243;][vc_empty_space height=&#8221;22px&#8221;][vc_single_image image=&#8221;1311&#8243; img_size=&#8221;full&#8221; css=&#8221;.vc_custom_1526249488026{padding-right: 50px !important;padding-bottom: 50px !important;padding-left: 50px !important;}&#8221;][\/vc_column_inner][vc_column_inner width=&#8221;3\/4&#8243;][vc_column_text]<\/p>\n<h3>Voleu m\u00e9s informaci\u00f3?<\/h3>\n<p>Truqueu-nos al 93 867 43 90<br \/>\nO b\u00e9 demaneu-nos fulletons explicatius via correu electr\u00f2nic:[\/vc_column_text][vc_empty_space]\n<div class=\"wpcf7 no-js\" id=\"wpcf7-f1400-o1\" lang=\"ca\" dir=\"ltr\" data-wpcf7-id=\"1400\">\n<div class=\"screen-reader-response\"><p role=\"status\" aria-live=\"polite\" aria-atomic=\"true\"><\/p> <ul><\/ul><\/div>\n<form action=\"\/wordpress\/wp-json\/wp\/v2\/pages\/1341#wpcf7-f1400-o1\" method=\"post\" class=\"wpcf7-form init\" aria-label=\"Formulari de contacte\" novalidate=\"novalidate\" data-status=\"init\">\n<fieldset class=\"hidden-fields-container\"><input type=\"hidden\" name=\"_wpcf7\" value=\"1400\" \/><input type=\"hidden\" name=\"_wpcf7_version\" value=\"6.1.5\" \/><input type=\"hidden\" name=\"_wpcf7_locale\" value=\"ca\" \/><input type=\"hidden\" name=\"_wpcf7_unit_tag\" value=\"wpcf7-f1400-o1\" \/><input type=\"hidden\" name=\"_wpcf7_container_post\" value=\"0\" \/><input type=\"hidden\" name=\"_wpcf7_posted_data_hash\" value=\"\" \/>\n<\/fieldset>\n<div class=\"form-group\">\n\t<p><span class=\"wpcf7-form-control-wrap\" data-name=\"nom\"><input size=\"40\" maxlength=\"400\" class=\"wpcf7-form-control wpcf7-text wpcf7-validates-as-required\" aria-required=\"true\" aria-invalid=\"false\" placeholder=\"Nom\" value=\"\" type=\"text\" name=\"nom\" \/><\/span>\n\t<\/p>\n<\/div>\n<div class=\"form-group\">\n\t<p><span class=\"wpcf7-form-control-wrap\" data-name=\"email\"><input size=\"40\" maxlength=\"400\" class=\"wpcf7-form-control wpcf7-email wpcf7-validates-as-required wpcf7-text wpcf7-validates-as-email\" aria-required=\"true\" aria-invalid=\"false\" placeholder=\"e-mail\" value=\"\" type=\"email\" name=\"email\" \/><\/span>\n\t<\/p>\n<\/div>\n<div class=\"form-group\">\n\t<p><span class=\"wpcf7-form-control-wrap\" data-name=\"web\"><input size=\"40\" maxlength=\"400\" class=\"wpcf7-form-control wpcf7-text wpcf7-validates-as-required\" aria-required=\"true\" aria-invalid=\"false\" placeholder=\"P\u00e0gina web\" value=\"\" type=\"text\" name=\"web\" \/><\/span>\n\t<\/p>\n<\/div>\n<div class=\"form-group\">\n\t<p><span class=\"wpcf7-form-control-wrap\" data-name=\"missatge\"><textarea cols=\"40\" rows=\"10\" maxlength=\"2000\" class=\"wpcf7-form-control wpcf7-textarea wpcf7-validates-as-required\" aria-required=\"true\" aria-invalid=\"false\" placeholder=\"Missatge\" name=\"missatge\"><\/textarea><\/span>\n\t<\/p>\n<\/div>\n<div class=\"form-group\">\n\t<p><input class=\"wpcf7-form-control wpcf7-submit has-spinner btn-dark upper no-radius\" type=\"submit\" value=\"Envia\" \/>\n\t<\/p>\n<\/div><div class=\"wpcf7-response-output\" aria-hidden=\"true\"><\/div>\n<\/form>\n<\/div>\n[\/vc_column_inner][\/vc_row_inner][\/vc_column][\/vc_row]<\/p>\n","protected":false},"excerpt":{"rendered":"<p>[vc_row][vc_column offset=&#8221;vc_col-md-offset-2 vc_col-md-8&#8243;][vc_empty_space][vc_column_text] Bredax \u00e9s una empresa especialitzada en fer-li arribar al web visites qualificades a un preu efectiu. Per aconseguir-ho utilitzem totes aquelles eines que considerem necess\u00e0ries, i una d&#8217;elles s\u00f3n les campanyes de publicitat als cercadors. Les campanyes de publicitat als cercadors de Bredax produeixen moltes m\u00e9s visites i a un preu molt [&hellip;]<\/p>\n","protected":false},"author":1,"featured_media":0,"parent":0,"menu_order":0,"comment_status":"closed","ping_status":"closed","template":"","meta":{"footnotes":""},"class_list":["post-1341","page","type-page","status-publish","hentry"],"_links":{"self":[{"href":"https:\/\/www.bredax.com\/wordpress\/wp-json\/wp\/v2\/pages\/1341","targetHints":{"allow":["GET"]}}],"collection":[{"href":"https:\/\/www.bredax.com\/wordpress\/wp-json\/wp\/v2\/pages"}],"about":[{"href":"https:\/\/www.bredax.com\/wordpress\/wp-json\/wp\/v2\/types\/page"}],"author":[{"embeddable":true,"href":"https:\/\/www.bredax.com\/wordpress\/wp-json\/wp\/v2\/users\/1"}],"replies":[{"embeddable":true,"href":"https:\/\/www.bredax.com\/wordpress\/wp-json\/wp\/v2\/comments?post=1341"}],"version-history":[{"count":20,"href":"https:\/\/www.bredax.com\/wordpress\/wp-json\/wp\/v2\/pages\/1341\/revisions"}],"predecessor-version":[{"id":1409,"href":"https:\/\/www.bredax.com\/wordpress\/wp-json\/wp\/v2\/pages\/1341\/revisions\/1409"}],"wp:attachment":[{"href":"https:\/\/www.bredax.com\/wordpress\/wp-json\/wp\/v2\/media?parent=1341"}],"curies":[{"name":"wp","href":"https:\/\/api.w.org\/{rel}","templated":true}]}}